{"id":5237,"date":"2026-03-08T13:08:30","date_gmt":"2026-03-08T13:08:30","guid":{"rendered":"https:\/\/hausdubs.ch\/?post_type=product&#038;p=5237"},"modified":"2026-03-08T13:08:30","modified_gmt":"2026-03-08T13:08:30","slug":"monster-chetwynd-the-supreme-deluxe-essential-monster-chetwynd-handbook","status":"publish","type":"product","link":"https:\/\/hausdubs.ch\/en\/product\/monster-chetwynd-the-supreme-deluxe-essential-monster-chetwynd-handbook\/","title":{"rendered":"Monster Chetwynd, The Supreme Deluxe Essential Monster Chetwynd Handbook"},"content":{"rendered":"<div class=\"product__details product__details--full\">\n<div class=\"product__details-column product__details-column--full product__details-column--1\">\n<div class=\"book-details-item\">\n<div class=\"product__ product__--full\">N\u00b0 282<\/div>\n<\/div>\n<div class=\"book-details-item\">\n<div class=\"product__ product__--full\">1. Auflage <time datetime=\"2019-04-14T12:00:00Z\">2019<\/time><\/div>\n<\/div>\n<div class=\"book-details-item\">\n<div class=\"product__isbn product__isbn--full\">ISBN: 978-3-906803-82-1<\/div>\n<\/div>\n<div class=\"book-details-item\">\n<div class=\"product__sprache product__sprache--full\">Sprache: English<\/div>\n<\/div>\n<\/div>\n<div class=\"product__details-column product__details-column--full product__details-column--2\">\n<div class=\"book-details-item\">\n<div class=\"product__pages product__pages--full\">Softcover, 647 Seiten, 800 Abbildungen<\/div>\n<\/div>\n<div class=\"book-details-item\">\n<div class=\"product__ product__--full\">27.4 \u00d7 19.4 cm<\/div>\n<\/div>\n<\/div>\n<div class=\"product__people product__people--full\">\n<div class=\"book-details-item\">\n<div class=\"product__k\u00fcnstlerin product__k\u00fcnstlerin--full\">K\u00fcnstler:in: <a href=\"https:\/\/www.editionpatrickfrey.com\/de\/monster-chetwynd\" hreflang=\"de\">Monster Chetwynd<\/a><\/div>\n<\/div>\n<div class=\"book-details-item\">\n<div class=\"product__designerin product__designerin--full\">Designer:in: <a href=\"https:\/\/www.editionpatrickfrey.com\/de\/marie-lusa\" hreflang=\"de\">Marie Lusa<\/a><\/div>\n<\/div>\n<div class=\"book-details-item\">\n<div class=\"product__kategorien product__kategorien--full\">Kategorien: <a href=\"https:\/\/www.editionpatrickfrey.com\/de\/books?categories=113\">Bildende Kunst<\/a>, <a href=\"https:\/\/www.editionpatrickfrey.com\/de\/books?categories=117\">Malerei\/Skulptur<\/a>, <a href=\"https:\/\/www.editionpatrickfrey.com\/de\/books?categories=118\">Zeichnung\/Grafik<\/a><\/div>\n<\/div>\n<\/div>\n<\/div>\n<div class=\"product__text product__text--full\">\n<p>Monster Chetwynds Werke tragen Titel wie The Green Room &amp; Science Lab, The Panther Ejaculates, Uptight upright, upside down, JABBA, I\u2019M BACK! und Cocaine and Caviar. Die knallbunten, fantasievollen Kost\u00fcme und Requisiten sind alle handgemacht, die Darsteller:innen in den Performances sind die K\u00fcnstlerin selbst, Freund:innen und Verwandte. Es gibt Elemente von Volkstheater und Strassenspektakel in ihren Auftritten, zahlreiche naturwissenschaftliche, popkulturelle und literarische Bez\u00fcge. Dabei wurde es Monster Chetwynd zunehmend wichtiger, den humorvollen und informellen Aspekt zu betonen, das Improvisierte und Unkonventionelle. Eigentlich verweigert diese Art des Schaffens sich der Archivierung. \u201aMeine Performances sind aufregende Live-Momente, die schwierig zu dokumentieren sind\u201c, sagt Chetwynd. Und doch versucht das Buch genau dies. &#8222;Beim Anschauen der gedruckten Werkschau nimmt die Energie der Betrachter:in jedoch auf eine Art zu, die gleich ist, wie wenn dem Spektakel live beigewohnt worden w\u00e4re.&#8220; Es geht um die Energie zwischen den Menschen, Solidarit\u00e4t und Verbundenheit.<\/p>\n<p>Berstend voll mit fotografischer Dokumentation und Quellenmaterial zeigt das Buch eindr\u00fccklich die Schaffensperiode zwischen 2007 und 2018. Die Fotostrecken werden eingerahmt von den bildreichen, meist englischsprachigen Fanzines der einzelnen Performances, die auch alle Verweise auf die Inspirationsquellen und die Besetzungslisten beinhalten.<\/p>\n<\/div>","protected":false},"excerpt":{"rendered":"<p>N\u00b0 282 1. Auflage 2019 ISBN: 978-3-906803-82-1 Sprache: English Softcover, 647 Seiten, 800 Abbildungen 27.4 \u00d7 19.4 cm K\u00fcnstler:in: Monster Chetwynd Designer:in: Marie Lusa Kategorien: Bildende Kunst, Malerei\/Skulptur, Zeichnung\/Grafik Monster Chetwynds Werke tragen Titel wie The Green Room &amp; Science Lab, The Panther Ejaculates, Uptight upright, upside down, JABBA, I\u2019M BACK! und Cocaine and Caviar. [&hellip;]<\/p>\n","protected":false},"featured_media":5238,"comment_status":"open","ping_status":"closed","template":"","meta":[],"product_brand":[],"product_cat":[1485],"product_tag":[],"class_list":{"0":"post-5237","1":"product","2":"type-product","3":"status-publish","4":"has-post-thumbnail","6":"product_cat-patrick-frey","8":"first","9":"instock","10":"shipping-taxable","11":"purchasable","12":"product-type-simple"},"yoast_head":"<!-- This site is optimized with the Yoast SEO plugin v27.4 - https:\/\/yoast.com\/product\/yoast-seo-wordpress\/ -->\n<title>Monster Chetwynd, The Supreme Deluxe Essential Monster Chetwynd Handbook - Haus Dubs<\/title>\n<meta name=\"robots\" content=\"index, follow, max-snippet:-1, max-image-preview:large, max-video-preview:-1\" \/>\n<link rel=\"canonical\" href=\"https:\/\/hausdubs.ch\/en\/product\/monster-chetwynd-the-supreme-deluxe-essential-monster-chetwynd-handbook\/\" \/>\n<meta property=\"og:locale\" content=\"en_GB\" \/>\n<meta property=\"og:type\" content=\"article\" \/>\n<meta property=\"og:title\" content=\"Monster Chetwynd, The Supreme Deluxe Essential Monster Chetwynd Handbook - Haus Dubs\" \/>\n<meta property=\"og:description\" content=\"N\u00b0 282 1. Auflage 2019 ISBN: 978-3-906803-82-1 Sprache: English Softcover, 647 Seiten, 800 Abbildungen 27.4 \u00d7 19.4 cm K\u00fcnstler:in: Monster Chetwynd Designer:in: Marie Lusa Kategorien: Bildende Kunst, Malerei\/Skulptur, Zeichnung\/Grafik Monster Chetwynds Werke tragen Titel wie The Green Room &amp; Science Lab, The Panther Ejaculates, Uptight upright, upside down, JABBA, I\u2019M BACK! und Cocaine and Caviar. [&hellip;]\" \/>\n<meta property=\"og:url\" content=\"https:\/\/hausdubs.ch\/en\/product\/monster-chetwynd-the-supreme-deluxe-essential-monster-chetwynd-handbook\/\" \/>\n<meta property=\"og:site_name\" content=\"Haus Dubs\" \/>\n<meta property=\"article:publisher\" content=\"https:\/\/www.facebook.com\/StiftungThomasDubs\/\" \/>\n<meta property=\"og:image\" content=\"https:\/\/hausdubs.ch\/wp-content\/uploads\/2026\/03\/Bildschirmfoto-2026-03-08-um-13.54.12.webp\" \/>\n\t<meta property=\"og:image:width\" content=\"2216\" \/>\n\t<meta property=\"og:image:height\" content=\"2364\" \/>\n\t<meta property=\"og:image:type\" content=\"image\/png\" \/>\n<meta name=\"twitter:card\" content=\"summary_large_image\" \/>\n<meta name=\"twitter:label1\" content=\"Estimated reading time\" \/>\n\t<meta name=\"twitter:data1\" content=\"2 minutes\" \/>\n<script type=\"application\/ld+json\" class=\"yoast-schema-graph\">{\"@context\":\"https:\\\/\\\/schema.org\",\"@graph\":[{\"@type\":\"WebPage\",\"@id\":\"https:\\\/\\\/hausdubs.ch\\\/product\\\/monster-chetwynd-the-supreme-deluxe-essential-monster-chetwynd-handbook\\\/\",\"url\":\"https:\\\/\\\/hausdubs.ch\\\/product\\\/monster-chetwynd-the-supreme-deluxe-essential-monster-chetwynd-handbook\\\/\",\"name\":\"Monster Chetwynd, The Supreme Deluxe Essential Monster Chetwynd Handbook - Haus Dubs\",\"isPartOf\":{\"@id\":\"https:\\\/\\\/hausdubs.ch\\\/#website\"},\"primaryImageOfPage\":{\"@id\":\"https:\\\/\\\/hausdubs.ch\\\/product\\\/monster-chetwynd-the-supreme-deluxe-essential-monster-chetwynd-handbook\\\/#primaryimage\"},\"image\":{\"@id\":\"https:\\\/\\\/hausdubs.ch\\\/product\\\/monster-chetwynd-the-supreme-deluxe-essential-monster-chetwynd-handbook\\\/#primaryimage\"},\"thumbnailUrl\":\"https:\\\/\\\/hausdubs.ch\\\/wp-content\\\/uploads\\\/2026\\\/03\\\/Bildschirmfoto-2026-03-08-um-13.54.12.webp\",\"datePublished\":\"2026-03-08T13:08:30+00:00\",\"breadcrumb\":{\"@id\":\"https:\\\/\\\/hausdubs.ch\\\/product\\\/monster-chetwynd-the-supreme-deluxe-essential-monster-chetwynd-handbook\\\/#breadcrumb\"},\"inLanguage\":\"en-GB\",\"potentialAction\":[{\"@type\":\"ReadAction\",\"target\":[\"https:\\\/\\\/hausdubs.ch\\\/product\\\/monster-chetwynd-the-supreme-deluxe-essential-monster-chetwynd-handbook\\\/\"]}]},{\"@type\":\"ImageObject\",\"inLanguage\":\"en-GB\",\"@id\":\"https:\\\/\\\/hausdubs.ch\\\/product\\\/monster-chetwynd-the-supreme-deluxe-essential-monster-chetwynd-handbook\\\/#primaryimage\",\"url\":\"https:\\\/\\\/hausdubs.ch\\\/wp-content\\\/uploads\\\/2026\\\/03\\\/Bildschirmfoto-2026-03-08-um-13.54.12.webp\",\"contentUrl\":\"https:\\\/\\\/hausdubs.ch\\\/wp-content\\\/uploads\\\/2026\\\/03\\\/Bildschirmfoto-2026-03-08-um-13.54.12.webp\",\"width\":2216,\"height\":2364,\"caption\":\"Monster Chetwynd, The Supreme Deluxe Essential Monster Chetwynd Handbook - edition patrick frey - haus dubs - stiftung thomas dubs z\u00fcrich\"},{\"@type\":\"BreadcrumbList\",\"@id\":\"https:\\\/\\\/hausdubs.ch\\\/product\\\/monster-chetwynd-the-supreme-deluxe-essential-monster-chetwynd-handbook\\\/#breadcrumb\",\"itemListElement\":[{\"@type\":\"ListItem\",\"position\":1,\"name\":\"Home\",\"item\":\"https:\\\/\\\/hausdubs.ch\\\/\"},{\"@type\":\"ListItem\",\"position\":2,\"name\":\"Shop\",\"item\":\"https:\\\/\\\/hausdubs.ch\\\/shop\\\/\"},{\"@type\":\"ListItem\",\"position\":3,\"name\":\"Monster Chetwynd, The Supreme Deluxe Essential Monster Chetwynd Handbook\"}]},{\"@type\":\"WebSite\",\"@id\":\"https:\\\/\\\/hausdubs.ch\\\/#website\",\"url\":\"https:\\\/\\\/hausdubs.ch\\\/\",\"name\":\"Haus Dubs\",\"description\":\"Kulturinstitution f\u00fcr zeitgen\u00f6ssische Kunst in Z\u00fcrich\",\"publisher\":{\"@id\":\"https:\\\/\\\/hausdubs.ch\\\/#organization\"},\"alternateName\":\"Dubs\",\"potentialAction\":[{\"@type\":\"SearchAction\",\"target\":{\"@type\":\"EntryPoint\",\"urlTemplate\":\"https:\\\/\\\/hausdubs.ch\\\/?s={search_term_string}\"},\"query-input\":{\"@type\":\"PropertyValueSpecification\",\"valueRequired\":true,\"valueName\":\"search_term_string\"}}],\"inLanguage\":\"en-GB\"},{\"@type\":\"Organization\",\"@id\":\"https:\\\/\\\/hausdubs.ch\\\/#organization\",\"name\":\"Haus Dubs\",\"alternateName\":\"Stiftung Thomas Dubs\",\"url\":\"https:\\\/\\\/hausdubs.ch\\\/\",\"logo\":{\"@type\":\"ImageObject\",\"inLanguage\":\"en-GB\",\"@id\":\"https:\\\/\\\/hausdubs.ch\\\/#\\\/schema\\\/logo\\\/image\\\/\",\"url\":\"https:\\\/\\\/hausdubs.ch\\\/wp-content\\\/uploads\\\/2026\\\/03\\\/Logo_02_Insta.webp\",\"contentUrl\":\"https:\\\/\\\/hausdubs.ch\\\/wp-content\\\/uploads\\\/2026\\\/03\\\/Logo_02_Insta.webp\",\"width\":960,\"height\":960,\"caption\":\"Haus Dubs\"},\"image\":{\"@id\":\"https:\\\/\\\/hausdubs.ch\\\/#\\\/schema\\\/logo\\\/image\\\/\"},\"sameAs\":[\"https:\\\/\\\/www.facebook.com\\\/StiftungThomasDubs\\\/\",\"https:\\\/\\\/www.instagram.com\\\/haus_dubs\\\/\"]}]}<\/script>\n<!-- \/ Yoast SEO plugin. -->","yoast_head_json":{"title":"Monster Chetwynd, The Supreme Deluxe Essential Monster Chetwynd Handbook - Haus Dubs","robots":{"index":"index","follow":"follow","max-snippet":"max-snippet:-1","max-image-preview":"max-image-preview:large","max-video-preview":"max-video-preview:-1"},"canonical":"https:\/\/hausdubs.ch\/en\/product\/monster-chetwynd-the-supreme-deluxe-essential-monster-chetwynd-handbook\/","og_locale":"en_GB","og_type":"article","og_title":"Monster Chetwynd, The Supreme Deluxe Essential Monster Chetwynd Handbook - Haus Dubs","og_description":"N\u00b0 282 1. Auflage 2019 ISBN: 978-3-906803-82-1 Sprache: English Softcover, 647 Seiten, 800 Abbildungen 27.4 \u00d7 19.4 cm K\u00fcnstler:in: Monster Chetwynd Designer:in: Marie Lusa Kategorien: Bildende Kunst, Malerei\/Skulptur, Zeichnung\/Grafik Monster Chetwynds Werke tragen Titel wie The Green Room &amp; Science Lab, The Panther Ejaculates, Uptight upright, upside down, JABBA, I\u2019M BACK! und Cocaine and Caviar. [&hellip;]","og_url":"https:\/\/hausdubs.ch\/en\/product\/monster-chetwynd-the-supreme-deluxe-essential-monster-chetwynd-handbook\/","og_site_name":"Haus Dubs","article_publisher":"https:\/\/www.facebook.com\/StiftungThomasDubs\/","og_image":[{"width":2216,"height":2364,"url":"https:\/\/hausdubs.ch\/wp-content\/uploads\/2026\/03\/Bildschirmfoto-2026-03-08-um-13.54.12.webp","type":"image\/png"}],"twitter_card":"summary_large_image","twitter_misc":{"Estimated reading time":"2 minutes"},"schema":{"@context":"https:\/\/schema.org","@graph":[{"@type":"WebPage","@id":"https:\/\/hausdubs.ch\/product\/monster-chetwynd-the-supreme-deluxe-essential-monster-chetwynd-handbook\/","url":"https:\/\/hausdubs.ch\/product\/monster-chetwynd-the-supreme-deluxe-essential-monster-chetwynd-handbook\/","name":"Monster Chetwynd, The Supreme Deluxe Essential Monster Chetwynd Handbook - Haus Dubs","isPartOf":{"@id":"https:\/\/hausdubs.ch\/#website"},"primaryImageOfPage":{"@id":"https:\/\/hausdubs.ch\/product\/monster-chetwynd-the-supreme-deluxe-essential-monster-chetwynd-handbook\/#primaryimage"},"image":{"@id":"https:\/\/hausdubs.ch\/product\/monster-chetwynd-the-supreme-deluxe-essential-monster-chetwynd-handbook\/#primaryimage"},"thumbnailUrl":"https:\/\/hausdubs.ch\/wp-content\/uploads\/2026\/03\/Bildschirmfoto-2026-03-08-um-13.54.12.webp","datePublished":"2026-03-08T13:08:30+00:00","breadcrumb":{"@id":"https:\/\/hausdubs.ch\/product\/monster-chetwynd-the-supreme-deluxe-essential-monster-chetwynd-handbook\/#breadcrumb"},"inLanguage":"en-GB","potentialAction":[{"@type":"ReadAction","target":["https:\/\/hausdubs.ch\/product\/monster-chetwynd-the-supreme-deluxe-essential-monster-chetwynd-handbook\/"]}]},{"@type":"ImageObject","inLanguage":"en-GB","@id":"https:\/\/hausdubs.ch\/product\/monster-chetwynd-the-supreme-deluxe-essential-monster-chetwynd-handbook\/#primaryimage","url":"https:\/\/hausdubs.ch\/wp-content\/uploads\/2026\/03\/Bildschirmfoto-2026-03-08-um-13.54.12.webp","contentUrl":"https:\/\/hausdubs.ch\/wp-content\/uploads\/2026\/03\/Bildschirmfoto-2026-03-08-um-13.54.12.webp","width":2216,"height":2364,"caption":"Monster Chetwynd, The Supreme Deluxe Essential Monster Chetwynd Handbook - edition patrick frey - haus dubs - stiftung thomas dubs z\u00fcrich"},{"@type":"BreadcrumbList","@id":"https:\/\/hausdubs.ch\/product\/monster-chetwynd-the-supreme-deluxe-essential-monster-chetwynd-handbook\/#breadcrumb","itemListElement":[{"@type":"ListItem","position":1,"name":"Home","item":"https:\/\/hausdubs.ch\/"},{"@type":"ListItem","position":2,"name":"Shop","item":"https:\/\/hausdubs.ch\/shop\/"},{"@type":"ListItem","position":3,"name":"Monster Chetwynd, The Supreme Deluxe Essential Monster Chetwynd Handbook"}]},{"@type":"WebSite","@id":"https:\/\/hausdubs.ch\/#website","url":"https:\/\/hausdubs.ch\/","name":"Haus Dubs","description":"Kulturinstitution f\u00fcr zeitgen\u00f6ssische Kunst in Z\u00fcrich","publisher":{"@id":"https:\/\/hausdubs.ch\/#organization"},"alternateName":"Dubs","potentialAction":[{"@type":"SearchAction","target":{"@type":"EntryPoint","urlTemplate":"https:\/\/hausdubs.ch\/?s={search_term_string}"},"query-input":{"@type":"PropertyValueSpecification","valueRequired":true,"valueName":"search_term_string"}}],"inLanguage":"en-GB"},{"@type":"Organization","@id":"https:\/\/hausdubs.ch\/#organization","name":"Haus Dubs","alternateName":"Stiftung Thomas Dubs","url":"https:\/\/hausdubs.ch\/","logo":{"@type":"ImageObject","inLanguage":"en-GB","@id":"https:\/\/hausdubs.ch\/#\/schema\/logo\/image\/","url":"https:\/\/hausdubs.ch\/wp-content\/uploads\/2026\/03\/Logo_02_Insta.webp","contentUrl":"https:\/\/hausdubs.ch\/wp-content\/uploads\/2026\/03\/Logo_02_Insta.webp","width":960,"height":960,"caption":"Haus Dubs"},"image":{"@id":"https:\/\/hausdubs.ch\/#\/schema\/logo\/image\/"},"sameAs":["https:\/\/www.facebook.com\/StiftungThomasDubs\/","https:\/\/www.instagram.com\/haus_dubs\/"]}]}},"_links":{"self":[{"href":"https:\/\/hausdubs.ch\/en\/wp-json\/wp\/v2\/product\/5237","targetHints":{"allow":["GET"]}}],"collection":[{"href":"https:\/\/hausdubs.ch\/en\/wp-json\/wp\/v2\/product"}],"about":[{"href":"https:\/\/hausdubs.ch\/en\/wp-json\/wp\/v2\/types\/product"}],"replies":[{"embeddable":true,"href":"https:\/\/hausdubs.ch\/en\/wp-json\/wp\/v2\/comments?post=5237"}],"wp:featuredmedia":[{"embeddable":true,"href":"https:\/\/hausdubs.ch\/en\/wp-json\/wp\/v2\/media\/5238"}],"wp:attachment":[{"href":"https:\/\/hausdubs.ch\/en\/wp-json\/wp\/v2\/media?parent=5237"}],"wp:term":[{"taxonomy":"product_brand","embeddable":true,"href":"https:\/\/hausdubs.ch\/en\/wp-json\/wp\/v2\/product_brand?post=5237"},{"taxonomy":"product_cat","embeddable":true,"href":"https:\/\/hausdubs.ch\/en\/wp-json\/wp\/v2\/product_cat?post=5237"},{"taxonomy":"product_tag","embeddable":true,"href":"https:\/\/hausdubs.ch\/en\/wp-json\/wp\/v2\/product_tag?post=5237"}],"curies":[{"name":"wp","href":"https:\/\/api.w.org\/{rel}","templated":true}]}}