{"id":5235,"date":"2026-03-08T13:02:11","date_gmt":"2026-03-08T13:02:11","guid":{"rendered":"https:\/\/hausdubs.ch\/?post_type=product&#038;p=5235"},"modified":"2026-03-09T13:31:21","modified_gmt":"2026-03-09T13:31:21","slug":"david-renggli-25-painting","status":"publish","type":"product","link":"https:\/\/hausdubs.ch\/en\/product\/david-renggli-25-painting\/","title":{"rendered":"David Renggli, 25% Painting"},"content":{"rendered":"<div class=\"product__details product__details--full\">\n<div class=\"product__details-column product__details-column--full product__details-column--1\">\n<div class=\"book-details-item\">\n<div class=\"product__ product__--full\">N\u00b0 141<\/div>\n<\/div>\n<div class=\"book-details-item\">\n<div class=\"product__ product__--full\">1. Auflage <time datetime=\"2013-01-12T12:00:00Z\">2013<\/time><\/div>\n<\/div>\n<div class=\"book-details-item\">\n<div class=\"product__isbn product__isbn--full\">ISBN: 978-3-905929-41-6<\/div>\n<\/div>\n<\/div>\n<div class=\"product__details-column product__details-column--full product__details-column--2\">\n<div class=\"book-details-item\">\n<div class=\"product__pages product__pages--full\">Softcover, 496 Seiten, 497 Abbildungen<\/div>\n<\/div>\n<div class=\"book-details-item\">\n<div class=\"product__ product__--full\">29 \u00d7 21.5 cm<\/div>\n<\/div>\n<\/div>\n<div class=\"product__people product__people--full\">\n<div class=\"book-details-item\">\n<div class=\"product__k\u00fcnstlerin product__k\u00fcnstlerin--full\">K\u00fcnstler:in: <a href=\"https:\/\/www.editionpatrickfrey.com\/de\/david-renggli\" hreflang=\"de\">David Renggli<\/a><\/div>\n<\/div>\n<div class=\"book-details-item\">\n<div class=\"product__designerin product__designerin--full\">Designer:in: <a href=\"https:\/\/www.editionpatrickfrey.com\/de\/anna-haas\" hreflang=\"de\">Anna Haas<\/a><\/div>\n<\/div>\n<div class=\"book-details-item\">\n<div class=\"product__kategorien product__kategorien--full\">Kategorien: <a href=\"https:\/\/www.editionpatrickfrey.com\/de\/books?categories=113\">Bildende Kunst<\/a>, <a href=\"https:\/\/www.editionpatrickfrey.com\/de\/books?categories=118\">Zeichnung\/Grafik<\/a>, <a href=\"https:\/\/www.editionpatrickfrey.com\/de\/books?categories=122\">Popkultur<\/a>, <a href=\"https:\/\/www.editionpatrickfrey.com\/de\/books?categories=126\">Alltag<\/a><\/div>\n<\/div>\n<\/div>\n<\/div>\n<div class=\"product__text product__text--full\">\n<p>Als Kind der Postmoderne verwebt der Schweizer\u00a0K\u00fcnstler <a href=\"https:\/\/www.editionpatrickfrey.com\/de\/person\/david-renggli\">David Renggli<\/a> in seinem Werk Popul\u00e4rkultur\u00a0und kunsthistorische Topoi mit verspielter Leichtigkeit\u00a0zu einem homogenen Ganzen. Ausgangspunkt\u00a0des vorliegenden Buchs bildet Rengglis Ausstellung\u00a0The Charm of Ignorance (2013) im Museum Bellpark in\u00a0Kriens. Renggli montierte in einer rigiden Petersburger\u00a0H\u00e4ngung rund 2000 Bilder. Die Collagen verschr\u00e4nken\u00a0Gegens\u00e4tzliches, indem sie aus Bildern von\u00a0Modemagazinen und Pornoheften, Kunstkatalogen und\u00a0gefundener Fotografie sch\u00f6pfen. Der Betrachter verliert\u00a0sich im Schauen und ger\u00e4t in einen tranceartigen\u00a0Zustand; die Inszenierung ist ein Fest des kreativen Akts,\u00a0der in sch\u00f6pferischer Beschleunigung\u00a0\u2013\u00a0der K\u00fcnstler\u00a0arbeitet etwa drei Minuten an einem Bild\u00a0\u2013\u00a0eine Unmenge\u00a0von Einzelwerken hervorbringt. Auf den ersten Blick\u00a0scheinen sie vertraut, erst bei genauerem Hinsehen\u00a0offenbart sich dem Betrachter ihre surreal-groteske\u00a0Absurdit\u00e4t\u00a0\u2013\u00a0\u00dcberraschungsmomente und Redundanz\u00a0als \u00e4sthetisches Prinzip sind wiederkehrende Themen\u00a0in Rengglis Werk und f\u00fchren in einen wunderhaften\u00a0Zustand der Ambivalenz, der uns mit beiden Seiten einer\u00a0Problemstellung, also dem Sowohl-als-Auch verbindet.<br \/>\n25% Painting versammelt eine Auswahl von knapp 500\u00a0der urspr\u00fcnglich rund 2000 Collagen, die w\u00e4hrend\u00a0des Druckprozesses immer wieder zuf\u00e4llig neu arrangiert\u00a0werden\u00a0\u2013\u00a0jedes Buch wird so zum Unikat.<\/p>\n<p>Der Schweizer K\u00fcnstler und Musiker David Renggli\u00a0(*1974) lebt und arbeitet in Z\u00fcrich und Texas.<\/p>\n<\/div>","protected":false},"excerpt":{"rendered":"<p>N\u00b0 141 1. Auflage 2013 ISBN: 978-3-905929-41-6 Softcover, 496 Seiten, 497 Abbildungen 29 \u00d7 21.5 cm K\u00fcnstler:in: David Renggli Designer:in: Anna Haas Kategorien: Bildende Kunst, Zeichnung\/Grafik, Popkultur, Alltag Als Kind der Postmoderne verwebt der Schweizer\u00a0K\u00fcnstler David Renggli in seinem Werk Popul\u00e4rkultur\u00a0und kunsthistorische Topoi mit verspielter Leichtigkeit\u00a0zu einem homogenen Ganzen. Ausgangspunkt\u00a0des vorliegenden Buchs bildet Rengglis Ausstellung\u00a0The [&hellip;]<\/p>\n","protected":false},"featured_media":5215,"comment_status":"open","ping_status":"closed","template":"","meta":[],"product_brand":[],"product_cat":[1485],"product_tag":[],"class_list":{"0":"post-5235","1":"product","2":"type-product","3":"status-publish","4":"has-post-thumbnail","6":"product_cat-patrick-frey","8":"first","9":"instock","10":"shipping-taxable","11":"purchasable","12":"product-type-simple"},"yoast_head":"<!-- This site is optimized with the Yoast SEO plugin v27.4 - https:\/\/yoast.com\/product\/yoast-seo-wordpress\/ -->\n<title>David Renggli, 25% Painting - Haus Dubs<\/title>\n<meta name=\"robots\" content=\"index, follow, max-snippet:-1, max-image-preview:large, max-video-preview:-1\" \/>\n<link rel=\"canonical\" href=\"https:\/\/hausdubs.ch\/en\/product\/david-renggli-25-painting\/\" \/>\n<meta property=\"og:locale\" content=\"en_GB\" \/>\n<meta property=\"og:type\" content=\"article\" \/>\n<meta property=\"og:title\" content=\"David Renggli, 25% Painting - Haus Dubs\" \/>\n<meta property=\"og:description\" content=\"N\u00b0 141 1. Auflage 2013 ISBN: 978-3-905929-41-6 Softcover, 496 Seiten, 497 Abbildungen 29 \u00d7 21.5 cm K\u00fcnstler:in: David Renggli Designer:in: Anna Haas Kategorien: Bildende Kunst, Zeichnung\/Grafik, Popkultur, Alltag Als Kind der Postmoderne verwebt der Schweizer\u00a0K\u00fcnstler David Renggli in seinem Werk Popul\u00e4rkultur\u00a0und kunsthistorische Topoi mit verspielter Leichtigkeit\u00a0zu einem homogenen Ganzen. Ausgangspunkt\u00a0des vorliegenden Buchs bildet Rengglis Ausstellung\u00a0The [&hellip;]\" \/>\n<meta property=\"og:url\" content=\"https:\/\/hausdubs.ch\/en\/product\/david-renggli-25-painting\/\" \/>\n<meta property=\"og:site_name\" content=\"Haus Dubs\" \/>\n<meta property=\"article:publisher\" content=\"https:\/\/www.facebook.com\/StiftungThomasDubs\/\" \/>\n<meta property=\"article:modified_time\" content=\"2026-03-09T13:31:21+00:00\" \/>\n<meta property=\"og:image\" content=\"https:\/\/hausdubs.ch\/wp-content\/uploads\/2026\/02\/Bildschirmfoto-2026-03-08-um-13.46.47.webp\" \/>\n\t<meta property=\"og:image:width\" content=\"1896\" \/>\n\t<meta property=\"og:image:height\" content=\"2296\" \/>\n\t<meta property=\"og:image:type\" content=\"image\/png\" \/>\n<meta name=\"twitter:card\" content=\"summary_large_image\" \/>\n<meta name=\"twitter:label1\" content=\"Estimated reading time\" \/>\n\t<meta name=\"twitter:data1\" content=\"2 minutes\" \/>\n<script type=\"application\/ld+json\" class=\"yoast-schema-graph\">{\"@context\":\"https:\\\/\\\/schema.org\",\"@graph\":[{\"@type\":\"WebPage\",\"@id\":\"https:\\\/\\\/hausdubs.ch\\\/product\\\/david-renggli-25-painting\\\/\",\"url\":\"https:\\\/\\\/hausdubs.ch\\\/product\\\/david-renggli-25-painting\\\/\",\"name\":\"David Renggli, 25% Painting - Haus Dubs\",\"isPartOf\":{\"@id\":\"https:\\\/\\\/hausdubs.ch\\\/#website\"},\"primaryImageOfPage\":{\"@id\":\"https:\\\/\\\/hausdubs.ch\\\/product\\\/david-renggli-25-painting\\\/#primaryimage\"},\"image\":{\"@id\":\"https:\\\/\\\/hausdubs.ch\\\/product\\\/david-renggli-25-painting\\\/#primaryimage\"},\"thumbnailUrl\":\"https:\\\/\\\/hausdubs.ch\\\/wp-content\\\/uploads\\\/2026\\\/02\\\/Bildschirmfoto-2026-03-08-um-13.46.47.webp\",\"datePublished\":\"2026-03-08T13:02:11+00:00\",\"dateModified\":\"2026-03-09T13:31:21+00:00\",\"breadcrumb\":{\"@id\":\"https:\\\/\\\/hausdubs.ch\\\/product\\\/david-renggli-25-painting\\\/#breadcrumb\"},\"inLanguage\":\"en-GB\",\"potentialAction\":[{\"@type\":\"ReadAction\",\"target\":[\"https:\\\/\\\/hausdubs.ch\\\/product\\\/david-renggli-25-painting\\\/\"]}]},{\"@type\":\"ImageObject\",\"inLanguage\":\"en-GB\",\"@id\":\"https:\\\/\\\/hausdubs.ch\\\/product\\\/david-renggli-25-painting\\\/#primaryimage\",\"url\":\"https:\\\/\\\/hausdubs.ch\\\/wp-content\\\/uploads\\\/2026\\\/02\\\/Bildschirmfoto-2026-03-08-um-13.46.47.webp\",\"contentUrl\":\"https:\\\/\\\/hausdubs.ch\\\/wp-content\\\/uploads\\\/2026\\\/02\\\/Bildschirmfoto-2026-03-08-um-13.46.47.webp\",\"width\":1896,\"height\":2296},{\"@type\":\"BreadcrumbList\",\"@id\":\"https:\\\/\\\/hausdubs.ch\\\/product\\\/david-renggli-25-painting\\\/#breadcrumb\",\"itemListElement\":[{\"@type\":\"ListItem\",\"position\":1,\"name\":\"Home\",\"item\":\"https:\\\/\\\/hausdubs.ch\\\/\"},{\"@type\":\"ListItem\",\"position\":2,\"name\":\"Shop\",\"item\":\"https:\\\/\\\/hausdubs.ch\\\/shop\\\/\"},{\"@type\":\"ListItem\",\"position\":3,\"name\":\"David Renggli, 25% Painting\"}]},{\"@type\":\"WebSite\",\"@id\":\"https:\\\/\\\/hausdubs.ch\\\/#website\",\"url\":\"https:\\\/\\\/hausdubs.ch\\\/\",\"name\":\"Haus Dubs\",\"description\":\"Kulturinstitution f\u00fcr zeitgen\u00f6ssische Kunst in Z\u00fcrich\",\"publisher\":{\"@id\":\"https:\\\/\\\/hausdubs.ch\\\/#organization\"},\"alternateName\":\"Dubs\",\"potentialAction\":[{\"@type\":\"SearchAction\",\"target\":{\"@type\":\"EntryPoint\",\"urlTemplate\":\"https:\\\/\\\/hausdubs.ch\\\/?s={search_term_string}\"},\"query-input\":{\"@type\":\"PropertyValueSpecification\",\"valueRequired\":true,\"valueName\":\"search_term_string\"}}],\"inLanguage\":\"en-GB\"},{\"@type\":\"Organization\",\"@id\":\"https:\\\/\\\/hausdubs.ch\\\/#organization\",\"name\":\"Haus Dubs\",\"alternateName\":\"Stiftung Thomas Dubs\",\"url\":\"https:\\\/\\\/hausdubs.ch\\\/\",\"logo\":{\"@type\":\"ImageObject\",\"inLanguage\":\"en-GB\",\"@id\":\"https:\\\/\\\/hausdubs.ch\\\/#\\\/schema\\\/logo\\\/image\\\/\",\"url\":\"https:\\\/\\\/hausdubs.ch\\\/wp-content\\\/uploads\\\/2026\\\/03\\\/Logo_02_Insta.webp\",\"contentUrl\":\"https:\\\/\\\/hausdubs.ch\\\/wp-content\\\/uploads\\\/2026\\\/03\\\/Logo_02_Insta.webp\",\"width\":960,\"height\":960,\"caption\":\"Haus Dubs\"},\"image\":{\"@id\":\"https:\\\/\\\/hausdubs.ch\\\/#\\\/schema\\\/logo\\\/image\\\/\"},\"sameAs\":[\"https:\\\/\\\/www.facebook.com\\\/StiftungThomasDubs\\\/\",\"https:\\\/\\\/www.instagram.com\\\/haus_dubs\\\/\"]}]}<\/script>\n<!-- \/ Yoast SEO plugin. -->","yoast_head_json":{"title":"David Renggli, 25% Painting - Haus Dubs","robots":{"index":"index","follow":"follow","max-snippet":"max-snippet:-1","max-image-preview":"max-image-preview:large","max-video-preview":"max-video-preview:-1"},"canonical":"https:\/\/hausdubs.ch\/en\/product\/david-renggli-25-painting\/","og_locale":"en_GB","og_type":"article","og_title":"David Renggli, 25% Painting - Haus Dubs","og_description":"N\u00b0 141 1. Auflage 2013 ISBN: 978-3-905929-41-6 Softcover, 496 Seiten, 497 Abbildungen 29 \u00d7 21.5 cm K\u00fcnstler:in: David Renggli Designer:in: Anna Haas Kategorien: Bildende Kunst, Zeichnung\/Grafik, Popkultur, Alltag Als Kind der Postmoderne verwebt der Schweizer\u00a0K\u00fcnstler David Renggli in seinem Werk Popul\u00e4rkultur\u00a0und kunsthistorische Topoi mit verspielter Leichtigkeit\u00a0zu einem homogenen Ganzen. Ausgangspunkt\u00a0des vorliegenden Buchs bildet Rengglis Ausstellung\u00a0The [&hellip;]","og_url":"https:\/\/hausdubs.ch\/en\/product\/david-renggli-25-painting\/","og_site_name":"Haus Dubs","article_publisher":"https:\/\/www.facebook.com\/StiftungThomasDubs\/","article_modified_time":"2026-03-09T13:31:21+00:00","og_image":[{"width":1896,"height":2296,"url":"https:\/\/hausdubs.ch\/wp-content\/uploads\/2026\/02\/Bildschirmfoto-2026-03-08-um-13.46.47.webp","type":"image\/png"}],"twitter_card":"summary_large_image","twitter_misc":{"Estimated reading time":"2 minutes"},"schema":{"@context":"https:\/\/schema.org","@graph":[{"@type":"WebPage","@id":"https:\/\/hausdubs.ch\/product\/david-renggli-25-painting\/","url":"https:\/\/hausdubs.ch\/product\/david-renggli-25-painting\/","name":"David Renggli, 25% Painting - Haus Dubs","isPartOf":{"@id":"https:\/\/hausdubs.ch\/#website"},"primaryImageOfPage":{"@id":"https:\/\/hausdubs.ch\/product\/david-renggli-25-painting\/#primaryimage"},"image":{"@id":"https:\/\/hausdubs.ch\/product\/david-renggli-25-painting\/#primaryimage"},"thumbnailUrl":"https:\/\/hausdubs.ch\/wp-content\/uploads\/2026\/02\/Bildschirmfoto-2026-03-08-um-13.46.47.webp","datePublished":"2026-03-08T13:02:11+00:00","dateModified":"2026-03-09T13:31:21+00:00","breadcrumb":{"@id":"https:\/\/hausdubs.ch\/product\/david-renggli-25-painting\/#breadcrumb"},"inLanguage":"en-GB","potentialAction":[{"@type":"ReadAction","target":["https:\/\/hausdubs.ch\/product\/david-renggli-25-painting\/"]}]},{"@type":"ImageObject","inLanguage":"en-GB","@id":"https:\/\/hausdubs.ch\/product\/david-renggli-25-painting\/#primaryimage","url":"https:\/\/hausdubs.ch\/wp-content\/uploads\/2026\/02\/Bildschirmfoto-2026-03-08-um-13.46.47.webp","contentUrl":"https:\/\/hausdubs.ch\/wp-content\/uploads\/2026\/02\/Bildschirmfoto-2026-03-08-um-13.46.47.webp","width":1896,"height":2296},{"@type":"BreadcrumbList","@id":"https:\/\/hausdubs.ch\/product\/david-renggli-25-painting\/#breadcrumb","itemListElement":[{"@type":"ListItem","position":1,"name":"Home","item":"https:\/\/hausdubs.ch\/"},{"@type":"ListItem","position":2,"name":"Shop","item":"https:\/\/hausdubs.ch\/shop\/"},{"@type":"ListItem","position":3,"name":"David Renggli, 25% Painting"}]},{"@type":"WebSite","@id":"https:\/\/hausdubs.ch\/#website","url":"https:\/\/hausdubs.ch\/","name":"Haus Dubs","description":"Kulturinstitution f\u00fcr zeitgen\u00f6ssische Kunst in Z\u00fcrich","publisher":{"@id":"https:\/\/hausdubs.ch\/#organization"},"alternateName":"Dubs","potentialAction":[{"@type":"SearchAction","target":{"@type":"EntryPoint","urlTemplate":"https:\/\/hausdubs.ch\/?s={search_term_string}"},"query-input":{"@type":"PropertyValueSpecification","valueRequired":true,"valueName":"search_term_string"}}],"inLanguage":"en-GB"},{"@type":"Organization","@id":"https:\/\/hausdubs.ch\/#organization","name":"Haus Dubs","alternateName":"Stiftung Thomas Dubs","url":"https:\/\/hausdubs.ch\/","logo":{"@type":"ImageObject","inLanguage":"en-GB","@id":"https:\/\/hausdubs.ch\/#\/schema\/logo\/image\/","url":"https:\/\/hausdubs.ch\/wp-content\/uploads\/2026\/03\/Logo_02_Insta.webp","contentUrl":"https:\/\/hausdubs.ch\/wp-content\/uploads\/2026\/03\/Logo_02_Insta.webp","width":960,"height":960,"caption":"Haus Dubs"},"image":{"@id":"https:\/\/hausdubs.ch\/#\/schema\/logo\/image\/"},"sameAs":["https:\/\/www.facebook.com\/StiftungThomasDubs\/","https:\/\/www.instagram.com\/haus_dubs\/"]}]}},"_links":{"self":[{"href":"https:\/\/hausdubs.ch\/en\/wp-json\/wp\/v2\/product\/5235","targetHints":{"allow":["GET"]}}],"collection":[{"href":"https:\/\/hausdubs.ch\/en\/wp-json\/wp\/v2\/product"}],"about":[{"href":"https:\/\/hausdubs.ch\/en\/wp-json\/wp\/v2\/types\/product"}],"replies":[{"embeddable":true,"href":"https:\/\/hausdubs.ch\/en\/wp-json\/wp\/v2\/comments?post=5235"}],"wp:featuredmedia":[{"embeddable":true,"href":"https:\/\/hausdubs.ch\/en\/wp-json\/wp\/v2\/media\/5215"}],"wp:attachment":[{"href":"https:\/\/hausdubs.ch\/en\/wp-json\/wp\/v2\/media?parent=5235"}],"wp:term":[{"taxonomy":"product_brand","embeddable":true,"href":"https:\/\/hausdubs.ch\/en\/wp-json\/wp\/v2\/product_brand?post=5235"},{"taxonomy":"product_cat","embeddable":true,"href":"https:\/\/hausdubs.ch\/en\/wp-json\/wp\/v2\/product_cat?post=5235"},{"taxonomy":"product_tag","embeddable":true,"href":"https:\/\/hausdubs.ch\/en\/wp-json\/wp\/v2\/product_tag?post=5235"}],"curies":[{"name":"wp","href":"https:\/\/api.w.org\/{rel}","templated":true}]}}