{"id":5104,"date":"2026-03-04T17:16:32","date_gmt":"2026-03-04T17:16:32","guid":{"rendered":"https:\/\/hausdubs.ch\/?post_type=product&#038;p=5104"},"modified":"2026-03-13T13:32:59","modified_gmt":"2026-03-13T13:32:59","slug":"reality-hacking-256-001-peter-regli","status":"publish","type":"product","link":"https:\/\/hausdubs.ch\/en\/product\/reality-hacking-256-001-peter-regli\/","title":{"rendered":"Peter Regli, Reality Hacking 256 &#8211; 001"},"content":{"rendered":"<div class=\"product__text product__text--full\">\n<div class=\"product__details product__details--full\">\n<div class=\"product__details-column product__details-column--full product__details-column--1\">\n<div class=\"book-details-item\">\n<div class=\"product__ product__--full\">N\u00b0 70<\/div>\n<\/div>\n<div class=\"book-details-item\">\n<div class=\"product__ product__--full\">SALE<\/div>\n<\/div>\n<div class=\"book-details-item\">\n<div class=\"product__ product__--full\">1. Auflage <time datetime=\"2007-09-01T12:00:00Z\">2007<\/time><\/div>\n<\/div>\n<div class=\"book-details-item\">\n<div class=\"product__isbn product__isbn--full\">ISBN: 978-3-905509-70-0<\/div>\n<\/div>\n<div class=\"book-details-item\">\n<div class=\"product__sprache product__sprache--full\">Sprache: German, English<\/div>\n<\/div>\n<\/div>\n<div class=\"product__details-column product__details-column--full product__details-column--2\">\n<div class=\"book-details-item\">\n<div class=\"product__pages product__pages--full\">Hardcover, 224 Seiten, 224 Abbildungen<\/div>\n<\/div>\n<div class=\"book-details-item\">\n<div class=\"product__ product__--full\">23.5 \u00d7 17.5 cm<\/div>\n<\/div>\n<\/div>\n<div class=\"product__people product__people--full\">\n<div class=\"book-details-item\">\n<div class=\"product__k\u00fcnstlerin product__k\u00fcnstlerin--full\">K\u00fcnstler:in: <a href=\"https:\/\/www.editionpatrickfrey.com\/de\/peter-regli\" hreflang=\"de\">Peter Regli<\/a><\/div>\n<\/div>\n<div class=\"book-details-item\">\n<div class=\"product__designerin product__designerin--full\">Designer:in: <a href=\"https:\/\/www.editionpatrickfrey.com\/de\/markus-bucher\" hreflang=\"de\">Markus Bucher<\/a><\/div>\n<\/div>\n<div class=\"book-details-item\">\n<div class=\"product__kategorien product__kategorien--full\">Kategorien: <a href=\"https:\/\/www.editionpatrickfrey.com\/de\/books?categories=112\">Fotografie<\/a>, <a href=\"https:\/\/www.editionpatrickfrey.com\/de\/books?categories=113\">Bildende Kunst<\/a>, <a href=\"https:\/\/www.editionpatrickfrey.com\/de\/books?categories=121\">Politik\/Gesellschaft<\/a>, <a href=\"https:\/\/www.editionpatrickfrey.com\/de\/books?categories=124\">Natur\/Landschaft<\/a><\/div>\n<div><\/div>\n<\/div>\n<\/div>\n<\/div>\n<p>Warum steht ein Schneemann am s\u00fcdlichsten Punkt des afrikanischen Kontinents? Was bedeuten 500 Wanduhren verteilt \u00fcber ganz Manhattan? Und wie komponieren V\u00f6gel ein St\u00fcck Musik? Das umfangreiche Buch Reality Hacking 256-001 des Schweizer K\u00fcnstlers Peter Regli zeigt es Ihnen. Seit 1996 hat Peter Regli seine eigene Kunstform der anonymen Intervention im \u00f6ffentlichen Raum entwickelt. Wie ein:e Hacker:in ins Netz, bricht Regli an ausgew\u00e4hlten Stellen in reale Systeme ein, um mit leiseren oder h\u00e4rteren Eingriffen die Wahrnehmungsgrenze auszuloten. Er tauscht Gegenst\u00e4nde aus, bringt sie in einen neuen Zusammenhang, spielt hinter- und tiefgr\u00fcndig mit Wahrnehmung und Realit\u00e4t.<\/p>\n<p>Zu seiner ersten umfassenden Einzelausstellung im Museum Helmhaus Z\u00fcrich (Herbst 2007), erscheint das lang erwartete Buch zu Reality Hacking. Alle Eingriffe der letzten elf Jahre rund um den Globus, die bisher nur auf dem Web ver\u00f6ffentlicht waren, werden in diesem Buch zusammengefasst.<\/p>\n<p>www.realityhacking.com<\/p>\n<\/div>\n<p>&nbsp;<\/p>\n<p>&nbsp;<\/p>","protected":false},"excerpt":{"rendered":"<p>N\u00b0 70 SALE 1. Auflage 2007 ISBN: 978-3-905509-70-0 Sprache: German, English Hardcover, 224 Seiten, 224 Abbildungen 23.5 \u00d7 17.5 cm K\u00fcnstler:in: Peter Regli Designer:in: Markus Bucher Kategorien: Fotografie, Bildende Kunst, Politik\/Gesellschaft, Natur\/Landschaft Warum steht ein Schneemann am s\u00fcdlichsten Punkt des afrikanischen Kontinents? Was bedeuten 500 Wanduhren verteilt \u00fcber ganz Manhattan? Und wie komponieren V\u00f6gel ein [&hellip;]<\/p>\n","protected":false},"featured_media":5105,"comment_status":"open","ping_status":"closed","template":"","meta":[],"product_brand":[],"product_cat":[1485],"product_tag":[],"class_list":{"0":"post-5104","1":"product","2":"type-product","3":"status-publish","4":"has-post-thumbnail","6":"product_cat-patrick-frey","8":"first","9":"instock","10":"sale","11":"shipping-taxable","12":"purchasable","13":"product-type-simple"},"yoast_head":"<!-- This site is optimized with the Yoast SEO plugin v27.4 - https:\/\/yoast.com\/product\/yoast-seo-wordpress\/ -->\n<title>Peter Regli, Reality Hacking 256 - 001 - Haus Dubs<\/title>\n<meta name=\"robots\" content=\"index, follow, max-snippet:-1, max-image-preview:large, max-video-preview:-1\" \/>\n<link rel=\"canonical\" href=\"https:\/\/hausdubs.ch\/en\/product\/reality-hacking-256-001-peter-regli\/\" \/>\n<meta property=\"og:locale\" content=\"en_GB\" \/>\n<meta property=\"og:type\" content=\"article\" \/>\n<meta property=\"og:title\" content=\"Peter Regli, Reality Hacking 256 - 001 - Haus Dubs\" \/>\n<meta property=\"og:description\" content=\"N\u00b0 70 SALE 1. Auflage 2007 ISBN: 978-3-905509-70-0 Sprache: German, English Hardcover, 224 Seiten, 224 Abbildungen 23.5 \u00d7 17.5 cm K\u00fcnstler:in: Peter Regli Designer:in: Markus Bucher Kategorien: Fotografie, Bildende Kunst, Politik\/Gesellschaft, Natur\/Landschaft Warum steht ein Schneemann am s\u00fcdlichsten Punkt des afrikanischen Kontinents? Was bedeuten 500 Wanduhren verteilt \u00fcber ganz Manhattan? Und wie komponieren V\u00f6gel ein [&hellip;]\" \/>\n<meta property=\"og:url\" content=\"https:\/\/hausdubs.ch\/en\/product\/reality-hacking-256-001-peter-regli\/\" \/>\n<meta property=\"og:site_name\" content=\"Haus Dubs\" \/>\n<meta property=\"article:publisher\" content=\"https:\/\/www.facebook.com\/StiftungThomasDubs\/\" \/>\n<meta property=\"article:modified_time\" content=\"2026-03-13T13:32:59+00:00\" \/>\n<meta property=\"og:image\" content=\"https:\/\/hausdubs.ch\/wp-content\/uploads\/2026\/03\/Bildschirmfoto-2026-03-04-um-18.10.21.webp\" \/>\n\t<meta property=\"og:image:width\" content=\"2148\" \/>\n\t<meta property=\"og:image:height\" content=\"1504\" \/>\n\t<meta property=\"og:image:type\" content=\"image\/png\" \/>\n<meta name=\"twitter:card\" content=\"summary_large_image\" \/>\n<meta name=\"twitter:label1\" content=\"Estimated reading time\" \/>\n\t<meta name=\"twitter:data1\" content=\"1 minute\" \/>\n<script type=\"application\/ld+json\" class=\"yoast-schema-graph\">{\"@context\":\"https:\\\/\\\/schema.org\",\"@graph\":[{\"@type\":\"WebPage\",\"@id\":\"https:\\\/\\\/hausdubs.ch\\\/product\\\/reality-hacking-256-001-peter-regli\\\/\",\"url\":\"https:\\\/\\\/hausdubs.ch\\\/product\\\/reality-hacking-256-001-peter-regli\\\/\",\"name\":\"Peter Regli, Reality Hacking 256 - 001 - Haus Dubs\",\"isPartOf\":{\"@id\":\"https:\\\/\\\/hausdubs.ch\\\/#website\"},\"primaryImageOfPage\":{\"@id\":\"https:\\\/\\\/hausdubs.ch\\\/product\\\/reality-hacking-256-001-peter-regli\\\/#primaryimage\"},\"image\":{\"@id\":\"https:\\\/\\\/hausdubs.ch\\\/product\\\/reality-hacking-256-001-peter-regli\\\/#primaryimage\"},\"thumbnailUrl\":\"https:\\\/\\\/hausdubs.ch\\\/wp-content\\\/uploads\\\/2026\\\/03\\\/Bildschirmfoto-2026-03-04-um-18.10.21.webp\",\"datePublished\":\"2026-03-04T17:16:32+00:00\",\"dateModified\":\"2026-03-13T13:32:59+00:00\",\"breadcrumb\":{\"@id\":\"https:\\\/\\\/hausdubs.ch\\\/product\\\/reality-hacking-256-001-peter-regli\\\/#breadcrumb\"},\"inLanguage\":\"en-GB\",\"potentialAction\":[{\"@type\":\"ReadAction\",\"target\":[\"https:\\\/\\\/hausdubs.ch\\\/product\\\/reality-hacking-256-001-peter-regli\\\/\"]}]},{\"@type\":\"ImageObject\",\"inLanguage\":\"en-GB\",\"@id\":\"https:\\\/\\\/hausdubs.ch\\\/product\\\/reality-hacking-256-001-peter-regli\\\/#primaryimage\",\"url\":\"https:\\\/\\\/hausdubs.ch\\\/wp-content\\\/uploads\\\/2026\\\/03\\\/Bildschirmfoto-2026-03-04-um-18.10.21.webp\",\"contentUrl\":\"https:\\\/\\\/hausdubs.ch\\\/wp-content\\\/uploads\\\/2026\\\/03\\\/Bildschirmfoto-2026-03-04-um-18.10.21.webp\",\"width\":2148,\"height\":1504},{\"@type\":\"BreadcrumbList\",\"@id\":\"https:\\\/\\\/hausdubs.ch\\\/product\\\/reality-hacking-256-001-peter-regli\\\/#breadcrumb\",\"itemListElement\":[{\"@type\":\"ListItem\",\"position\":1,\"name\":\"Home\",\"item\":\"https:\\\/\\\/hausdubs.ch\\\/\"},{\"@type\":\"ListItem\",\"position\":2,\"name\":\"Shop\",\"item\":\"https:\\\/\\\/hausdubs.ch\\\/shop\\\/\"},{\"@type\":\"ListItem\",\"position\":3,\"name\":\"Peter Regli, Reality Hacking 256 &#8211; 001\"}]},{\"@type\":\"WebSite\",\"@id\":\"https:\\\/\\\/hausdubs.ch\\\/#website\",\"url\":\"https:\\\/\\\/hausdubs.ch\\\/\",\"name\":\"Haus Dubs\",\"description\":\"Kulturinstitution f\u00fcr zeitgen\u00f6ssische Kunst in Z\u00fcrich\",\"publisher\":{\"@id\":\"https:\\\/\\\/hausdubs.ch\\\/#organization\"},\"alternateName\":\"Dubs\",\"potentialAction\":[{\"@type\":\"SearchAction\",\"target\":{\"@type\":\"EntryPoint\",\"urlTemplate\":\"https:\\\/\\\/hausdubs.ch\\\/?s={search_term_string}\"},\"query-input\":{\"@type\":\"PropertyValueSpecification\",\"valueRequired\":true,\"valueName\":\"search_term_string\"}}],\"inLanguage\":\"en-GB\"},{\"@type\":\"Organization\",\"@id\":\"https:\\\/\\\/hausdubs.ch\\\/#organization\",\"name\":\"Haus Dubs\",\"alternateName\":\"Stiftung Thomas Dubs\",\"url\":\"https:\\\/\\\/hausdubs.ch\\\/\",\"logo\":{\"@type\":\"ImageObject\",\"inLanguage\":\"en-GB\",\"@id\":\"https:\\\/\\\/hausdubs.ch\\\/#\\\/schema\\\/logo\\\/image\\\/\",\"url\":\"https:\\\/\\\/hausdubs.ch\\\/wp-content\\\/uploads\\\/2026\\\/03\\\/Logo_02_Insta.webp\",\"contentUrl\":\"https:\\\/\\\/hausdubs.ch\\\/wp-content\\\/uploads\\\/2026\\\/03\\\/Logo_02_Insta.webp\",\"width\":960,\"height\":960,\"caption\":\"Haus Dubs\"},\"image\":{\"@id\":\"https:\\\/\\\/hausdubs.ch\\\/#\\\/schema\\\/logo\\\/image\\\/\"},\"sameAs\":[\"https:\\\/\\\/www.facebook.com\\\/StiftungThomasDubs\\\/\",\"https:\\\/\\\/www.instagram.com\\\/haus_dubs\\\/\"]}]}<\/script>\n<!-- \/ Yoast SEO plugin. -->","yoast_head_json":{"title":"Peter Regli, Reality Hacking 256 - 001 - Haus Dubs","robots":{"index":"index","follow":"follow","max-snippet":"max-snippet:-1","max-image-preview":"max-image-preview:large","max-video-preview":"max-video-preview:-1"},"canonical":"https:\/\/hausdubs.ch\/en\/product\/reality-hacking-256-001-peter-regli\/","og_locale":"en_GB","og_type":"article","og_title":"Peter Regli, Reality Hacking 256 - 001 - Haus Dubs","og_description":"N\u00b0 70 SALE 1. Auflage 2007 ISBN: 978-3-905509-70-0 Sprache: German, English Hardcover, 224 Seiten, 224 Abbildungen 23.5 \u00d7 17.5 cm K\u00fcnstler:in: Peter Regli Designer:in: Markus Bucher Kategorien: Fotografie, Bildende Kunst, Politik\/Gesellschaft, Natur\/Landschaft Warum steht ein Schneemann am s\u00fcdlichsten Punkt des afrikanischen Kontinents? Was bedeuten 500 Wanduhren verteilt \u00fcber ganz Manhattan? Und wie komponieren V\u00f6gel ein [&hellip;]","og_url":"https:\/\/hausdubs.ch\/en\/product\/reality-hacking-256-001-peter-regli\/","og_site_name":"Haus Dubs","article_publisher":"https:\/\/www.facebook.com\/StiftungThomasDubs\/","article_modified_time":"2026-03-13T13:32:59+00:00","og_image":[{"width":2148,"height":1504,"url":"https:\/\/hausdubs.ch\/wp-content\/uploads\/2026\/03\/Bildschirmfoto-2026-03-04-um-18.10.21.webp","type":"image\/png"}],"twitter_card":"summary_large_image","twitter_misc":{"Estimated reading time":"1 minute"},"schema":{"@context":"https:\/\/schema.org","@graph":[{"@type":"WebPage","@id":"https:\/\/hausdubs.ch\/product\/reality-hacking-256-001-peter-regli\/","url":"https:\/\/hausdubs.ch\/product\/reality-hacking-256-001-peter-regli\/","name":"Peter Regli, Reality Hacking 256 - 001 - Haus Dubs","isPartOf":{"@id":"https:\/\/hausdubs.ch\/#website"},"primaryImageOfPage":{"@id":"https:\/\/hausdubs.ch\/product\/reality-hacking-256-001-peter-regli\/#primaryimage"},"image":{"@id":"https:\/\/hausdubs.ch\/product\/reality-hacking-256-001-peter-regli\/#primaryimage"},"thumbnailUrl":"https:\/\/hausdubs.ch\/wp-content\/uploads\/2026\/03\/Bildschirmfoto-2026-03-04-um-18.10.21.webp","datePublished":"2026-03-04T17:16:32+00:00","dateModified":"2026-03-13T13:32:59+00:00","breadcrumb":{"@id":"https:\/\/hausdubs.ch\/product\/reality-hacking-256-001-peter-regli\/#breadcrumb"},"inLanguage":"en-GB","potentialAction":[{"@type":"ReadAction","target":["https:\/\/hausdubs.ch\/product\/reality-hacking-256-001-peter-regli\/"]}]},{"@type":"ImageObject","inLanguage":"en-GB","@id":"https:\/\/hausdubs.ch\/product\/reality-hacking-256-001-peter-regli\/#primaryimage","url":"https:\/\/hausdubs.ch\/wp-content\/uploads\/2026\/03\/Bildschirmfoto-2026-03-04-um-18.10.21.webp","contentUrl":"https:\/\/hausdubs.ch\/wp-content\/uploads\/2026\/03\/Bildschirmfoto-2026-03-04-um-18.10.21.webp","width":2148,"height":1504},{"@type":"BreadcrumbList","@id":"https:\/\/hausdubs.ch\/product\/reality-hacking-256-001-peter-regli\/#breadcrumb","itemListElement":[{"@type":"ListItem","position":1,"name":"Home","item":"https:\/\/hausdubs.ch\/"},{"@type":"ListItem","position":2,"name":"Shop","item":"https:\/\/hausdubs.ch\/shop\/"},{"@type":"ListItem","position":3,"name":"Peter Regli, Reality Hacking 256 &#8211; 001"}]},{"@type":"WebSite","@id":"https:\/\/hausdubs.ch\/#website","url":"https:\/\/hausdubs.ch\/","name":"Haus Dubs","description":"Kulturinstitution f\u00fcr zeitgen\u00f6ssische Kunst in Z\u00fcrich","publisher":{"@id":"https:\/\/hausdubs.ch\/#organization"},"alternateName":"Dubs","potentialAction":[{"@type":"SearchAction","target":{"@type":"EntryPoint","urlTemplate":"https:\/\/hausdubs.ch\/?s={search_term_string}"},"query-input":{"@type":"PropertyValueSpecification","valueRequired":true,"valueName":"search_term_string"}}],"inLanguage":"en-GB"},{"@type":"Organization","@id":"https:\/\/hausdubs.ch\/#organization","name":"Haus Dubs","alternateName":"Stiftung Thomas Dubs","url":"https:\/\/hausdubs.ch\/","logo":{"@type":"ImageObject","inLanguage":"en-GB","@id":"https:\/\/hausdubs.ch\/#\/schema\/logo\/image\/","url":"https:\/\/hausdubs.ch\/wp-content\/uploads\/2026\/03\/Logo_02_Insta.webp","contentUrl":"https:\/\/hausdubs.ch\/wp-content\/uploads\/2026\/03\/Logo_02_Insta.webp","width":960,"height":960,"caption":"Haus Dubs"},"image":{"@id":"https:\/\/hausdubs.ch\/#\/schema\/logo\/image\/"},"sameAs":["https:\/\/www.facebook.com\/StiftungThomasDubs\/","https:\/\/www.instagram.com\/haus_dubs\/"]}]}},"_links":{"self":[{"href":"https:\/\/hausdubs.ch\/en\/wp-json\/wp\/v2\/product\/5104","targetHints":{"allow":["GET"]}}],"collection":[{"href":"https:\/\/hausdubs.ch\/en\/wp-json\/wp\/v2\/product"}],"about":[{"href":"https:\/\/hausdubs.ch\/en\/wp-json\/wp\/v2\/types\/product"}],"replies":[{"embeddable":true,"href":"https:\/\/hausdubs.ch\/en\/wp-json\/wp\/v2\/comments?post=5104"}],"wp:featuredmedia":[{"embeddable":true,"href":"https:\/\/hausdubs.ch\/en\/wp-json\/wp\/v2\/media\/5105"}],"wp:attachment":[{"href":"https:\/\/hausdubs.ch\/en\/wp-json\/wp\/v2\/media?parent=5104"}],"wp:term":[{"taxonomy":"product_brand","embeddable":true,"href":"https:\/\/hausdubs.ch\/en\/wp-json\/wp\/v2\/product_brand?post=5104"},{"taxonomy":"product_cat","embeddable":true,"href":"https:\/\/hausdubs.ch\/en\/wp-json\/wp\/v2\/product_cat?post=5104"},{"taxonomy":"product_tag","embeddable":true,"href":"https:\/\/hausdubs.ch\/en\/wp-json\/wp\/v2\/product_tag?post=5104"}],"curies":[{"name":"wp","href":"https:\/\/api.w.org\/{rel}","templated":true}]}}