{"id":4890,"date":"2026-02-23T15:37:42","date_gmt":"2026-02-23T15:37:42","guid":{"rendered":"https:\/\/hausdubs.ch\/?post_type=product&#038;p=4890"},"modified":"2026-03-13T13:31:20","modified_gmt":"2026-03-13T13:31:20","slug":"a-naked-chair","status":"publish","type":"product","link":"https:\/\/hausdubs.ch\/en\/product\/a-naked-chair\/","title":{"rendered":"Dieter Hall, A Naked Chair"},"content":{"rendered":"<p>Dieter Hall portrays man thrown back on himself. Ecce Homo, behold the man\u2014without his social attributes, often nude, in splendid isolation. Hall seeks the common denominator\u2014metonymically called the Naked Chair\u2014of mere existence in the images of others\u2019 (mostly male) bodies. He regards things, objects, gardens and landscapes with the same searching gaze. His minutely arranged still lifes\u2014a glass, a flower, a chair \u2013 call to mind Bonnard and Matisse. Hall\u2019s bare chairs are recurrent silent echoes of isolation and transience, intensified by the dark shadow the AIDS epidemic cast on his life and work while living in New York. Although his works are not referential in the traditional sense, Hall reacts to the works of other artists, including painter Alice Neel\u2019s psychological realism and the work of photographers like David Armstrong and Peter Hujar. Hall was friends with Hujar and moved in the same scene\u2014until the latter\u2019s early death from AIDS. Photography plays a key part in Hall\u2019s work \u2014 though never as an end in itself: it helps him compose his pictures. He selects details\u2014a foot or a hand, for example\u2014and transposes them into painterly renditions, wholly reinventing the subject portrayed in the process. The resulting works, characterized above all by their radical intimacy, tell of isolation and a deep-seated need for connection.<\/p>","protected":false},"excerpt":{"rendered":"<p>Dieter Hall portrays man thrown back on himself. Ecce Homo, behold the man\u2014without his social attributes, often nude, in splendid isolation. Hall seeks the common denominator\u2014metonymically called the Naked Chair\u2014of mere existence in the images of others\u2019 (mostly male) bodies. He regards things, objects, gardens and landscapes with the same searching gaze. His minutely arranged [&hellip;]<\/p>\n","protected":false},"featured_media":4894,"comment_status":"open","ping_status":"closed","template":"","meta":[],"product_brand":[],"product_cat":[1485],"product_tag":[],"class_list":{"0":"post-4890","1":"product","2":"type-product","3":"status-publish","4":"has-post-thumbnail","6":"product_cat-patrick-frey","8":"first","9":"instock","10":"shipping-taxable","11":"purchasable","12":"product-type-simple"},"yoast_head":"<!-- This site is optimized with the Yoast SEO plugin v27.4 - https:\/\/yoast.com\/product\/yoast-seo-wordpress\/ -->\n<title>Dieter Hall, A Naked Chair - Haus Dubs<\/title>\n<meta name=\"robots\" content=\"index, follow, max-snippet:-1, max-image-preview:large, max-video-preview:-1\" \/>\n<link rel=\"canonical\" href=\"https:\/\/hausdubs.ch\/en\/product\/a-naked-chair\/\" \/>\n<meta property=\"og:locale\" content=\"en_GB\" \/>\n<meta property=\"og:type\" content=\"article\" \/>\n<meta property=\"og:title\" content=\"Dieter Hall, A Naked Chair - Haus Dubs\" \/>\n<meta property=\"og:description\" content=\"Dieter Hall portrays man thrown back on himself. Ecce Homo, behold the man\u2014without his social attributes, often nude, in splendid isolation. Hall seeks the common denominator\u2014metonymically called the Naked Chair\u2014of mere existence in the images of others\u2019 (mostly male) bodies. He regards things, objects, gardens and landscapes with the same searching gaze. His minutely arranged [&hellip;]\" \/>\n<meta property=\"og:url\" content=\"https:\/\/hausdubs.ch\/en\/product\/a-naked-chair\/\" \/>\n<meta property=\"og:site_name\" content=\"Haus Dubs\" \/>\n<meta property=\"article:publisher\" content=\"https:\/\/www.facebook.com\/StiftungThomasDubs\/\" \/>\n<meta property=\"article:modified_time\" content=\"2026-03-13T13:31:20+00:00\" \/>\n<meta property=\"og:image\" content=\"https:\/\/hausdubs.ch\/wp-content\/uploads\/2026\/02\/1.webp\" \/>\n\t<meta property=\"og:image:width\" content=\"640\" \/>\n\t<meta property=\"og:image:height\" content=\"834\" \/>\n\t<meta property=\"og:image:type\" content=\"image\/webp\" \/>\n<meta name=\"twitter:card\" content=\"summary_large_image\" \/>\n<meta name=\"twitter:label1\" content=\"Estimated reading time\" \/>\n\t<meta name=\"twitter:data1\" content=\"2 minutes\" \/>\n<script type=\"application\/ld+json\" class=\"yoast-schema-graph\">{\"@context\":\"https:\\\/\\\/schema.org\",\"@graph\":[{\"@type\":\"WebPage\",\"@id\":\"https:\\\/\\\/hausdubs.ch\\\/product\\\/a-naked-chair\\\/\",\"url\":\"https:\\\/\\\/hausdubs.ch\\\/product\\\/a-naked-chair\\\/\",\"name\":\"Dieter Hall, A Naked Chair - Haus Dubs\",\"isPartOf\":{\"@id\":\"https:\\\/\\\/hausdubs.ch\\\/#website\"},\"primaryImageOfPage\":{\"@id\":\"https:\\\/\\\/hausdubs.ch\\\/product\\\/a-naked-chair\\\/#primaryimage\"},\"image\":{\"@id\":\"https:\\\/\\\/hausdubs.ch\\\/product\\\/a-naked-chair\\\/#primaryimage\"},\"thumbnailUrl\":\"https:\\\/\\\/hausdubs.ch\\\/wp-content\\\/uploads\\\/2026\\\/02\\\/1.webp\",\"datePublished\":\"2026-02-23T15:37:42+00:00\",\"dateModified\":\"2026-03-13T13:31:20+00:00\",\"breadcrumb\":{\"@id\":\"https:\\\/\\\/hausdubs.ch\\\/product\\\/a-naked-chair\\\/#breadcrumb\"},\"inLanguage\":\"en-GB\",\"potentialAction\":[{\"@type\":\"ReadAction\",\"target\":[\"https:\\\/\\\/hausdubs.ch\\\/product\\\/a-naked-chair\\\/\"]}]},{\"@type\":\"ImageObject\",\"inLanguage\":\"en-GB\",\"@id\":\"https:\\\/\\\/hausdubs.ch\\\/product\\\/a-naked-chair\\\/#primaryimage\",\"url\":\"https:\\\/\\\/hausdubs.ch\\\/wp-content\\\/uploads\\\/2026\\\/02\\\/1.webp\",\"contentUrl\":\"https:\\\/\\\/hausdubs.ch\\\/wp-content\\\/uploads\\\/2026\\\/02\\\/1.webp\",\"width\":640,\"height\":834},{\"@type\":\"BreadcrumbList\",\"@id\":\"https:\\\/\\\/hausdubs.ch\\\/product\\\/a-naked-chair\\\/#breadcrumb\",\"itemListElement\":[{\"@type\":\"ListItem\",\"position\":1,\"name\":\"Home\",\"item\":\"https:\\\/\\\/hausdubs.ch\\\/\"},{\"@type\":\"ListItem\",\"position\":2,\"name\":\"Shop\",\"item\":\"https:\\\/\\\/hausdubs.ch\\\/shop\\\/\"},{\"@type\":\"ListItem\",\"position\":3,\"name\":\"Dieter Hall, A Naked Chair\"}]},{\"@type\":\"WebSite\",\"@id\":\"https:\\\/\\\/hausdubs.ch\\\/#website\",\"url\":\"https:\\\/\\\/hausdubs.ch\\\/\",\"name\":\"Haus Dubs\",\"description\":\"Kulturinstitution f\u00fcr zeitgen\u00f6ssische Kunst in Z\u00fcrich\",\"publisher\":{\"@id\":\"https:\\\/\\\/hausdubs.ch\\\/#organization\"},\"alternateName\":\"Dubs\",\"potentialAction\":[{\"@type\":\"SearchAction\",\"target\":{\"@type\":\"EntryPoint\",\"urlTemplate\":\"https:\\\/\\\/hausdubs.ch\\\/?s={search_term_string}\"},\"query-input\":{\"@type\":\"PropertyValueSpecification\",\"valueRequired\":true,\"valueName\":\"search_term_string\"}}],\"inLanguage\":\"en-GB\"},{\"@type\":\"Organization\",\"@id\":\"https:\\\/\\\/hausdubs.ch\\\/#organization\",\"name\":\"Haus Dubs\",\"alternateName\":\"Stiftung Thomas Dubs\",\"url\":\"https:\\\/\\\/hausdubs.ch\\\/\",\"logo\":{\"@type\":\"ImageObject\",\"inLanguage\":\"en-GB\",\"@id\":\"https:\\\/\\\/hausdubs.ch\\\/#\\\/schema\\\/logo\\\/image\\\/\",\"url\":\"https:\\\/\\\/hausdubs.ch\\\/wp-content\\\/uploads\\\/2026\\\/03\\\/Logo_02_Insta.webp\",\"contentUrl\":\"https:\\\/\\\/hausdubs.ch\\\/wp-content\\\/uploads\\\/2026\\\/03\\\/Logo_02_Insta.webp\",\"width\":960,\"height\":960,\"caption\":\"Haus Dubs\"},\"image\":{\"@id\":\"https:\\\/\\\/hausdubs.ch\\\/#\\\/schema\\\/logo\\\/image\\\/\"},\"sameAs\":[\"https:\\\/\\\/www.facebook.com\\\/StiftungThomasDubs\\\/\",\"https:\\\/\\\/www.instagram.com\\\/haus_dubs\\\/\"]}]}<\/script>\n<!-- \/ Yoast SEO plugin. -->","yoast_head_json":{"title":"Dieter Hall, A Naked Chair - Haus Dubs","robots":{"index":"index","follow":"follow","max-snippet":"max-snippet:-1","max-image-preview":"max-image-preview:large","max-video-preview":"max-video-preview:-1"},"canonical":"https:\/\/hausdubs.ch\/en\/product\/a-naked-chair\/","og_locale":"en_GB","og_type":"article","og_title":"Dieter Hall, A Naked Chair - Haus Dubs","og_description":"Dieter Hall portrays man thrown back on himself. Ecce Homo, behold the man\u2014without his social attributes, often nude, in splendid isolation. Hall seeks the common denominator\u2014metonymically called the Naked Chair\u2014of mere existence in the images of others\u2019 (mostly male) bodies. He regards things, objects, gardens and landscapes with the same searching gaze. His minutely arranged [&hellip;]","og_url":"https:\/\/hausdubs.ch\/en\/product\/a-naked-chair\/","og_site_name":"Haus Dubs","article_publisher":"https:\/\/www.facebook.com\/StiftungThomasDubs\/","article_modified_time":"2026-03-13T13:31:20+00:00","og_image":[{"width":640,"height":834,"url":"https:\/\/hausdubs.ch\/wp-content\/uploads\/2026\/02\/1.webp","type":"image\/webp"}],"twitter_card":"summary_large_image","twitter_misc":{"Estimated reading time":"2 minutes"},"schema":{"@context":"https:\/\/schema.org","@graph":[{"@type":"WebPage","@id":"https:\/\/hausdubs.ch\/product\/a-naked-chair\/","url":"https:\/\/hausdubs.ch\/product\/a-naked-chair\/","name":"Dieter Hall, A Naked Chair - Haus Dubs","isPartOf":{"@id":"https:\/\/hausdubs.ch\/#website"},"primaryImageOfPage":{"@id":"https:\/\/hausdubs.ch\/product\/a-naked-chair\/#primaryimage"},"image":{"@id":"https:\/\/hausdubs.ch\/product\/a-naked-chair\/#primaryimage"},"thumbnailUrl":"https:\/\/hausdubs.ch\/wp-content\/uploads\/2026\/02\/1.webp","datePublished":"2026-02-23T15:37:42+00:00","dateModified":"2026-03-13T13:31:20+00:00","breadcrumb":{"@id":"https:\/\/hausdubs.ch\/product\/a-naked-chair\/#breadcrumb"},"inLanguage":"en-GB","potentialAction":[{"@type":"ReadAction","target":["https:\/\/hausdubs.ch\/product\/a-naked-chair\/"]}]},{"@type":"ImageObject","inLanguage":"en-GB","@id":"https:\/\/hausdubs.ch\/product\/a-naked-chair\/#primaryimage","url":"https:\/\/hausdubs.ch\/wp-content\/uploads\/2026\/02\/1.webp","contentUrl":"https:\/\/hausdubs.ch\/wp-content\/uploads\/2026\/02\/1.webp","width":640,"height":834},{"@type":"BreadcrumbList","@id":"https:\/\/hausdubs.ch\/product\/a-naked-chair\/#breadcrumb","itemListElement":[{"@type":"ListItem","position":1,"name":"Home","item":"https:\/\/hausdubs.ch\/"},{"@type":"ListItem","position":2,"name":"Shop","item":"https:\/\/hausdubs.ch\/shop\/"},{"@type":"ListItem","position":3,"name":"Dieter Hall, A Naked Chair"}]},{"@type":"WebSite","@id":"https:\/\/hausdubs.ch\/#website","url":"https:\/\/hausdubs.ch\/","name":"Haus Dubs","description":"Kulturinstitution f\u00fcr zeitgen\u00f6ssische Kunst in Z\u00fcrich","publisher":{"@id":"https:\/\/hausdubs.ch\/#organization"},"alternateName":"Dubs","potentialAction":[{"@type":"SearchAction","target":{"@type":"EntryPoint","urlTemplate":"https:\/\/hausdubs.ch\/?s={search_term_string}"},"query-input":{"@type":"PropertyValueSpecification","valueRequired":true,"valueName":"search_term_string"}}],"inLanguage":"en-GB"},{"@type":"Organization","@id":"https:\/\/hausdubs.ch\/#organization","name":"Haus Dubs","alternateName":"Stiftung Thomas Dubs","url":"https:\/\/hausdubs.ch\/","logo":{"@type":"ImageObject","inLanguage":"en-GB","@id":"https:\/\/hausdubs.ch\/#\/schema\/logo\/image\/","url":"https:\/\/hausdubs.ch\/wp-content\/uploads\/2026\/03\/Logo_02_Insta.webp","contentUrl":"https:\/\/hausdubs.ch\/wp-content\/uploads\/2026\/03\/Logo_02_Insta.webp","width":960,"height":960,"caption":"Haus Dubs"},"image":{"@id":"https:\/\/hausdubs.ch\/#\/schema\/logo\/image\/"},"sameAs":["https:\/\/www.facebook.com\/StiftungThomasDubs\/","https:\/\/www.instagram.com\/haus_dubs\/"]}]}},"_links":{"self":[{"href":"https:\/\/hausdubs.ch\/en\/wp-json\/wp\/v2\/product\/4890","targetHints":{"allow":["GET"]}}],"collection":[{"href":"https:\/\/hausdubs.ch\/en\/wp-json\/wp\/v2\/product"}],"about":[{"href":"https:\/\/hausdubs.ch\/en\/wp-json\/wp\/v2\/types\/product"}],"replies":[{"embeddable":true,"href":"https:\/\/hausdubs.ch\/en\/wp-json\/wp\/v2\/comments?post=4890"}],"wp:featuredmedia":[{"embeddable":true,"href":"https:\/\/hausdubs.ch\/en\/wp-json\/wp\/v2\/media\/4894"}],"wp:attachment":[{"href":"https:\/\/hausdubs.ch\/en\/wp-json\/wp\/v2\/media?parent=4890"}],"wp:term":[{"taxonomy":"product_brand","embeddable":true,"href":"https:\/\/hausdubs.ch\/en\/wp-json\/wp\/v2\/product_brand?post=4890"},{"taxonomy":"product_cat","embeddable":true,"href":"https:\/\/hausdubs.ch\/en\/wp-json\/wp\/v2\/product_cat?post=4890"},{"taxonomy":"product_tag","embeddable":true,"href":"https:\/\/hausdubs.ch\/en\/wp-json\/wp\/v2\/product_tag?post=4890"}],"curies":[{"name":"wp","href":"https:\/\/api.w.org\/{rel}","templated":true}]}}