{"id":4889,"date":"2026-02-23T15:39:20","date_gmt":"2026-02-23T15:39:20","guid":{"rendered":"https:\/\/hausdubs.ch\/?post_type=product&#038;p=4889"},"modified":"2026-03-08T13:22:19","modified_gmt":"2026-03-08T13:22:19","slug":"bildrausch","status":"publish","type":"product","link":"https:\/\/hausdubs.ch\/en\/product\/bildrausch\/","title":{"rendered":"Walter Pfeiffer, Bildrausch"},"content":{"rendered":"<p>Bildrausch. Drawings 1966 \u2013 2018 \u2013 book cover closed<br \/>\nWalter Pfeiffer<br \/>\nBildrausch. Drawings 1966 \u2013 2018<br \/>\n\u20ac 78<\/p>\n<p>US-based customers are advised to order this title directly from our US distributor for shorter shipping times and free shipping.<br \/>\nN\u00b0 249<br \/>\n2. edition 2019<\/p>\n<p>1. Auflage 2018<br \/>\nISBN: 978-3-906803-49-4<br \/>\nLanguage: English<br \/>\nHardcover, 492 pages, 380 color images<br \/>\n32 \u00d7 22.7 cm<br \/>\nArtist: Walter Pfeiffer<br \/>\nDesigner: Marietta Eugster<br \/>\nCategories: Fine Arts, Painting\/Sculpture, Drawing\/graphics, Portrait\/Biography, Body\/Sex<\/p>\n<p>Walter Pfeiffer is now a world-renowned photographer. Although he began his artistic career as a draftsman, Pfeiffer\u2019s drawings are known to precious few.<br \/>\nSo this book is an overdue overview of his graphic work, continually engaged in a fertile dialogue with his photographic work. In the early 1970s Pfeiffer produced large-scale hyper-realistic pencil drawings that served as points of departure and even working models for his photographs. This style gave rise to personal works as well as Pfeiffer\u2019s legendary posters for the Z\u00fcrich Filmpodium, magazine illustrations and commissioned portraits. Beginning in the 1980s and especially in the \u201890s, Pfeiffer gave up photography for a time to focus on drawings in China ink, colored pencils and watercolors, in which the elegant free play of lines and colors moves into the foreground: intimate portraits of beautiful boys and the artist\u2019s close women friends, still lifes and flowers. These pictures are characterized by a cheerful, wakeful sensuality, sure lines and alternation between graphic reduction and a taste for rich ornamentation. This publication is not a conventional retrospective, but a stand-alone artist\u2019s book in which to discover the vivacity of his drawings and a new Walter Pfeiffer.<\/p>\n<p>Most Beautiful Swiss books, 2018<\/p>","protected":false},"excerpt":{"rendered":"<p>Bildrausch. Drawings 1966 \u2013 2018 \u2013 book cover closed Walter Pfeiffer Bildrausch. Drawings 1966 \u2013 2018 \u20ac 78 US-based customers are advised to order this title directly from our US distributor for shorter shipping times and free shipping. N\u00b0 249 2. edition 2019 1. Auflage 2018 ISBN: 978-3-906803-49-4 Language: English Hardcover, 492 pages, 380 color [&hellip;]<\/p>\n","protected":false},"featured_media":4895,"comment_status":"open","ping_status":"closed","template":"","meta":[],"product_brand":[],"product_cat":[1485],"product_tag":[],"class_list":{"0":"post-4889","1":"product","2":"type-product","3":"status-publish","4":"has-post-thumbnail","6":"product_cat-patrick-frey","8":"first","9":"instock","10":"shipping-taxable","11":"purchasable","12":"product-type-simple"},"yoast_head":"<!-- This site is optimized with the Yoast SEO plugin v27.4 - https:\/\/yoast.com\/product\/yoast-seo-wordpress\/ -->\n<title>Walter Pfeiffer, Bildrausch - Haus Dubs<\/title>\n<meta name=\"robots\" content=\"index, follow, max-snippet:-1, max-image-preview:large, max-video-preview:-1\" \/>\n<link rel=\"canonical\" href=\"https:\/\/hausdubs.ch\/en\/product\/bildrausch\/\" \/>\n<meta property=\"og:locale\" content=\"en_GB\" \/>\n<meta property=\"og:type\" content=\"article\" \/>\n<meta property=\"og:title\" content=\"Walter Pfeiffer, Bildrausch - Haus Dubs\" \/>\n<meta property=\"og:description\" content=\"Bildrausch. Drawings 1966 \u2013 2018 \u2013 book cover closed Walter Pfeiffer Bildrausch. Drawings 1966 \u2013 2018 \u20ac 78 US-based customers are advised to order this title directly from our US distributor for shorter shipping times and free shipping. N\u00b0 249 2. edition 2019 1. Auflage 2018 ISBN: 978-3-906803-49-4 Language: English Hardcover, 492 pages, 380 color [&hellip;]\" \/>\n<meta property=\"og:url\" content=\"https:\/\/hausdubs.ch\/en\/product\/bildrausch\/\" \/>\n<meta property=\"og:site_name\" content=\"Haus Dubs\" \/>\n<meta property=\"article:publisher\" content=\"https:\/\/www.facebook.com\/StiftungThomasDubs\/\" \/>\n<meta property=\"article:modified_time\" content=\"2026-03-08T13:22:19+00:00\" \/>\n<meta property=\"og:image\" content=\"https:\/\/hausdubs.ch\/wp-content\/uploads\/2026\/02\/2.webp\" \/>\n\t<meta property=\"og:image:width\" content=\"3000\" \/>\n\t<meta property=\"og:image:height\" content=\"2002\" \/>\n\t<meta property=\"og:image:type\" content=\"image\/webp\" \/>\n<meta name=\"twitter:card\" content=\"summary_large_image\" \/>\n<meta name=\"twitter:label1\" content=\"Estimated reading time\" \/>\n\t<meta name=\"twitter:data1\" content=\"2 minutes\" \/>\n<script type=\"application\/ld+json\" class=\"yoast-schema-graph\">{\"@context\":\"https:\\\/\\\/schema.org\",\"@graph\":[{\"@type\":\"WebPage\",\"@id\":\"https:\\\/\\\/hausdubs.ch\\\/product\\\/bildrausch\\\/\",\"url\":\"https:\\\/\\\/hausdubs.ch\\\/product\\\/bildrausch\\\/\",\"name\":\"Walter Pfeiffer, Bildrausch - Haus Dubs\",\"isPartOf\":{\"@id\":\"https:\\\/\\\/hausdubs.ch\\\/#website\"},\"primaryImageOfPage\":{\"@id\":\"https:\\\/\\\/hausdubs.ch\\\/product\\\/bildrausch\\\/#primaryimage\"},\"image\":{\"@id\":\"https:\\\/\\\/hausdubs.ch\\\/product\\\/bildrausch\\\/#primaryimage\"},\"thumbnailUrl\":\"https:\\\/\\\/hausdubs.ch\\\/wp-content\\\/uploads\\\/2026\\\/02\\\/2.webp\",\"datePublished\":\"2026-02-23T15:39:20+00:00\",\"dateModified\":\"2026-03-08T13:22:19+00:00\",\"breadcrumb\":{\"@id\":\"https:\\\/\\\/hausdubs.ch\\\/product\\\/bildrausch\\\/#breadcrumb\"},\"inLanguage\":\"en-GB\",\"potentialAction\":[{\"@type\":\"ReadAction\",\"target\":[\"https:\\\/\\\/hausdubs.ch\\\/product\\\/bildrausch\\\/\"]}]},{\"@type\":\"ImageObject\",\"inLanguage\":\"en-GB\",\"@id\":\"https:\\\/\\\/hausdubs.ch\\\/product\\\/bildrausch\\\/#primaryimage\",\"url\":\"https:\\\/\\\/hausdubs.ch\\\/wp-content\\\/uploads\\\/2026\\\/02\\\/2.webp\",\"contentUrl\":\"https:\\\/\\\/hausdubs.ch\\\/wp-content\\\/uploads\\\/2026\\\/02\\\/2.webp\",\"width\":3000,\"height\":2002},{\"@type\":\"BreadcrumbList\",\"@id\":\"https:\\\/\\\/hausdubs.ch\\\/product\\\/bildrausch\\\/#breadcrumb\",\"itemListElement\":[{\"@type\":\"ListItem\",\"position\":1,\"name\":\"Home\",\"item\":\"https:\\\/\\\/hausdubs.ch\\\/\"},{\"@type\":\"ListItem\",\"position\":2,\"name\":\"Shop\",\"item\":\"https:\\\/\\\/hausdubs.ch\\\/shop\\\/\"},{\"@type\":\"ListItem\",\"position\":3,\"name\":\"Walter Pfeiffer, Bildrausch\"}]},{\"@type\":\"WebSite\",\"@id\":\"https:\\\/\\\/hausdubs.ch\\\/#website\",\"url\":\"https:\\\/\\\/hausdubs.ch\\\/\",\"name\":\"Haus Dubs\",\"description\":\"Kulturinstitution f\u00fcr zeitgen\u00f6ssische Kunst in Z\u00fcrich\",\"publisher\":{\"@id\":\"https:\\\/\\\/hausdubs.ch\\\/#organization\"},\"alternateName\":\"Dubs\",\"potentialAction\":[{\"@type\":\"SearchAction\",\"target\":{\"@type\":\"EntryPoint\",\"urlTemplate\":\"https:\\\/\\\/hausdubs.ch\\\/?s={search_term_string}\"},\"query-input\":{\"@type\":\"PropertyValueSpecification\",\"valueRequired\":true,\"valueName\":\"search_term_string\"}}],\"inLanguage\":\"en-GB\"},{\"@type\":\"Organization\",\"@id\":\"https:\\\/\\\/hausdubs.ch\\\/#organization\",\"name\":\"Haus Dubs\",\"alternateName\":\"Stiftung Thomas Dubs\",\"url\":\"https:\\\/\\\/hausdubs.ch\\\/\",\"logo\":{\"@type\":\"ImageObject\",\"inLanguage\":\"en-GB\",\"@id\":\"https:\\\/\\\/hausdubs.ch\\\/#\\\/schema\\\/logo\\\/image\\\/\",\"url\":\"https:\\\/\\\/hausdubs.ch\\\/wp-content\\\/uploads\\\/2026\\\/03\\\/Logo_02_Insta.webp\",\"contentUrl\":\"https:\\\/\\\/hausdubs.ch\\\/wp-content\\\/uploads\\\/2026\\\/03\\\/Logo_02_Insta.webp\",\"width\":960,\"height\":960,\"caption\":\"Haus Dubs\"},\"image\":{\"@id\":\"https:\\\/\\\/hausdubs.ch\\\/#\\\/schema\\\/logo\\\/image\\\/\"},\"sameAs\":[\"https:\\\/\\\/www.facebook.com\\\/StiftungThomasDubs\\\/\",\"https:\\\/\\\/www.instagram.com\\\/haus_dubs\\\/\"]}]}<\/script>\n<!-- \/ Yoast SEO plugin. -->","yoast_head_json":{"title":"Walter Pfeiffer, Bildrausch - Haus Dubs","robots":{"index":"index","follow":"follow","max-snippet":"max-snippet:-1","max-image-preview":"max-image-preview:large","max-video-preview":"max-video-preview:-1"},"canonical":"https:\/\/hausdubs.ch\/en\/product\/bildrausch\/","og_locale":"en_GB","og_type":"article","og_title":"Walter Pfeiffer, Bildrausch - Haus Dubs","og_description":"Bildrausch. Drawings 1966 \u2013 2018 \u2013 book cover closed Walter Pfeiffer Bildrausch. Drawings 1966 \u2013 2018 \u20ac 78 US-based customers are advised to order this title directly from our US distributor for shorter shipping times and free shipping. N\u00b0 249 2. edition 2019 1. Auflage 2018 ISBN: 978-3-906803-49-4 Language: English Hardcover, 492 pages, 380 color [&hellip;]","og_url":"https:\/\/hausdubs.ch\/en\/product\/bildrausch\/","og_site_name":"Haus Dubs","article_publisher":"https:\/\/www.facebook.com\/StiftungThomasDubs\/","article_modified_time":"2026-03-08T13:22:19+00:00","og_image":[{"width":3000,"height":2002,"url":"https:\/\/hausdubs.ch\/wp-content\/uploads\/2026\/02\/2.webp","type":"image\/webp"}],"twitter_card":"summary_large_image","twitter_misc":{"Estimated reading time":"2 minutes"},"schema":{"@context":"https:\/\/schema.org","@graph":[{"@type":"WebPage","@id":"https:\/\/hausdubs.ch\/product\/bildrausch\/","url":"https:\/\/hausdubs.ch\/product\/bildrausch\/","name":"Walter Pfeiffer, Bildrausch - Haus Dubs","isPartOf":{"@id":"https:\/\/hausdubs.ch\/#website"},"primaryImageOfPage":{"@id":"https:\/\/hausdubs.ch\/product\/bildrausch\/#primaryimage"},"image":{"@id":"https:\/\/hausdubs.ch\/product\/bildrausch\/#primaryimage"},"thumbnailUrl":"https:\/\/hausdubs.ch\/wp-content\/uploads\/2026\/02\/2.webp","datePublished":"2026-02-23T15:39:20+00:00","dateModified":"2026-03-08T13:22:19+00:00","breadcrumb":{"@id":"https:\/\/hausdubs.ch\/product\/bildrausch\/#breadcrumb"},"inLanguage":"en-GB","potentialAction":[{"@type":"ReadAction","target":["https:\/\/hausdubs.ch\/product\/bildrausch\/"]}]},{"@type":"ImageObject","inLanguage":"en-GB","@id":"https:\/\/hausdubs.ch\/product\/bildrausch\/#primaryimage","url":"https:\/\/hausdubs.ch\/wp-content\/uploads\/2026\/02\/2.webp","contentUrl":"https:\/\/hausdubs.ch\/wp-content\/uploads\/2026\/02\/2.webp","width":3000,"height":2002},{"@type":"BreadcrumbList","@id":"https:\/\/hausdubs.ch\/product\/bildrausch\/#breadcrumb","itemListElement":[{"@type":"ListItem","position":1,"name":"Home","item":"https:\/\/hausdubs.ch\/"},{"@type":"ListItem","position":2,"name":"Shop","item":"https:\/\/hausdubs.ch\/shop\/"},{"@type":"ListItem","position":3,"name":"Walter Pfeiffer, Bildrausch"}]},{"@type":"WebSite","@id":"https:\/\/hausdubs.ch\/#website","url":"https:\/\/hausdubs.ch\/","name":"Haus Dubs","description":"Kulturinstitution f\u00fcr zeitgen\u00f6ssische Kunst in Z\u00fcrich","publisher":{"@id":"https:\/\/hausdubs.ch\/#organization"},"alternateName":"Dubs","potentialAction":[{"@type":"SearchAction","target":{"@type":"EntryPoint","urlTemplate":"https:\/\/hausdubs.ch\/?s={search_term_string}"},"query-input":{"@type":"PropertyValueSpecification","valueRequired":true,"valueName":"search_term_string"}}],"inLanguage":"en-GB"},{"@type":"Organization","@id":"https:\/\/hausdubs.ch\/#organization","name":"Haus Dubs","alternateName":"Stiftung Thomas Dubs","url":"https:\/\/hausdubs.ch\/","logo":{"@type":"ImageObject","inLanguage":"en-GB","@id":"https:\/\/hausdubs.ch\/#\/schema\/logo\/image\/","url":"https:\/\/hausdubs.ch\/wp-content\/uploads\/2026\/03\/Logo_02_Insta.webp","contentUrl":"https:\/\/hausdubs.ch\/wp-content\/uploads\/2026\/03\/Logo_02_Insta.webp","width":960,"height":960,"caption":"Haus Dubs"},"image":{"@id":"https:\/\/hausdubs.ch\/#\/schema\/logo\/image\/"},"sameAs":["https:\/\/www.facebook.com\/StiftungThomasDubs\/","https:\/\/www.instagram.com\/haus_dubs\/"]}]}},"_links":{"self":[{"href":"https:\/\/hausdubs.ch\/en\/wp-json\/wp\/v2\/product\/4889","targetHints":{"allow":["GET"]}}],"collection":[{"href":"https:\/\/hausdubs.ch\/en\/wp-json\/wp\/v2\/product"}],"about":[{"href":"https:\/\/hausdubs.ch\/en\/wp-json\/wp\/v2\/types\/product"}],"replies":[{"embeddable":true,"href":"https:\/\/hausdubs.ch\/en\/wp-json\/wp\/v2\/comments?post=4889"}],"wp:featuredmedia":[{"embeddable":true,"href":"https:\/\/hausdubs.ch\/en\/wp-json\/wp\/v2\/media\/4895"}],"wp:attachment":[{"href":"https:\/\/hausdubs.ch\/en\/wp-json\/wp\/v2\/media?parent=4889"}],"wp:term":[{"taxonomy":"product_brand","embeddable":true,"href":"https:\/\/hausdubs.ch\/en\/wp-json\/wp\/v2\/product_brand?post=4889"},{"taxonomy":"product_cat","embeddable":true,"href":"https:\/\/hausdubs.ch\/en\/wp-json\/wp\/v2\/product_cat?post=4889"},{"taxonomy":"product_tag","embeddable":true,"href":"https:\/\/hausdubs.ch\/en\/wp-json\/wp\/v2\/product_tag?post=4889"}],"curies":[{"name":"wp","href":"https:\/\/api.w.org\/{rel}","templated":true}]}}